{"id":27,"date":"2025-11-06T14:44:26","date_gmt":"2025-11-06T14:44:26","guid":{"rendered":"https:\/\/libo-machine.com\/?page_id=27"},"modified":"2026-01-17T06:04:03","modified_gmt":"2026-01-17T06:04:03","slug":"product","status":"publish","type":"page","link":"https:\/\/libo-machine.com\/es\/product\/","title":{"rendered":"producto"},"content":{"rendered":"<div data-elementor-type=\"wp-page\" data-elementor-id=\"27\" class=\"elementor elementor-27\" data-elementor-post-type=\"page\">\n\t\t\t\t<div class=\"elementor-element elementor-element-cf34f45 e-con-full e-flex e-con e-parent\" data-id=\"cf34f45\" data-element_type=\"container\" data-settings=\"{&quot;background_background&quot;:&quot;classic&quot;}\">\n\t\t\t\t<div class=\"elementor-element elementor-element-ab07cee elementor-widget elementor-widget-heading\" data-id=\"ab07cee\" data-element_type=\"widget\" data-widget_type=\"heading.default\">\n\t\t\t\t\t<h2 class=\"elementor-heading-title elementor-size-default\">PRODUCTO<\/h2>\t\t\t\t<\/div>\n\t\t\t\t<div class=\"elementor-element elementor-element-21e78a8 elementor-widget elementor-widget-shortcode\" data-id=\"21e78a8\" data-element_type=\"widget\" data-widget_type=\"shortcode.default\">\n\t\t\t\t\t\t\t<div class=\"elementor-shortcode\"><nav aria-label=\"pan rallado\" class=\"rank-math-breadcrumb\"><p><span class=\"last\">Inicio<\/span><\/p><\/nav><\/div>\n\t\t\t\t\t\t<\/div>\n\t\t\t\t<\/div>\n\t\t<div class=\"elementor-element elementor-element-022afb3 e-con-full e-flex e-con e-parent\" data-id=\"022afb3\" data-element_type=\"container\">\n\t\t<div class=\"elementor-element elementor-element-c11b893 e-con-full e-flex e-con e-child\" data-id=\"c11b893\" data-element_type=\"container\">\n\t\t<div class=\"elementor-element elementor-element-b9e8def e-con-full e-flex e-con e-child\" data-id=\"b9e8def\" data-element_type=\"container\">\n\t\t<div class=\"elementor-element elementor-element-76c296d e-con-full my-product-card e-flex e-con e-child\" data-id=\"76c296d\" data-element_type=\"container\" data-settings=\"{&quot;background_background&quot;:&quot;classic&quot;}\">\n\t\t\t\t<div class=\"elementor-element elementor-element-0cb3d24 clamp-image-box elementor-position-top elementor-widget elementor-widget-image-box\" data-id=\"0cb3d24\" data-element_type=\"widget\" data-widget_type=\"image-box.default\">\n\t\t\t\t\t<div class=\"elementor-image-box-wrapper\"><figure class=\"elementor-image-box-img\"><img fetchpriority=\"high\" decoding=\"async\" width=\"1500\" height=\"1500\" src=\"https:\/\/libo-machine.com\/wp-content\/uploads\/2025\/11\/1-5.webp\" class=\"attachment-full size-full wp-image-1025\" alt=\"Cement Fence Panel Machine by Libo\" srcset=\"https:\/\/libo-machine.com\/wp-content\/uploads\/2025\/11\/1-5.webp 1500w, https:\/\/libo-machine.com\/wp-content\/uploads\/2025\/11\/1-5-300x300.webp 300w, https:\/\/libo-machine.com\/wp-content\/uploads\/2025\/11\/1-5-1024x1024.webp 1024w, https:\/\/libo-machine.com\/wp-content\/uploads\/2025\/11\/1-5-150x150.webp 150w, https:\/\/libo-machine.com\/wp-content\/uploads\/2025\/11\/1-5-768x768.webp 768w\" sizes=\"(max-width: 1500px) 100vw, 1500px\" \/><\/figure><div class=\"elementor-image-box-content\"><h3 class=\"elementor-image-box-title\">M\u00e1quina para fabricar paneles de vallas de cemento<\/h3><p class=\"elementor-image-box-description\">El equipo de vallado prefabricado libo Machine ofrece una soluci\u00f3n altamente automatizada y eficiente para producir componentes de muro de cemento de calidad, incluidos paneles de muro, postes y tapones.<\/p><\/div><\/div>\t\t\t\t<\/div>\n\t\t\t\t<div class=\"elementor-element elementor-element-f22076f hover-btn premium-lq__none elementor-widget elementor-widget-premium-addon-button\" data-id=\"f22076f\" data-element_type=\"widget\" data-widget_type=\"premium-addon-button.default\">\n\t\t\t\t\t\n\n\t\t<a class=\"premium-button premium-button-style7 premium-btn-lg premium-button-style7-bottom\" href=\"https:\/\/libo-machine.com\/es\/cement-fence-panel-machine\/\">\n\t\t\t<div class=\"premium-button-text-icon-wrapper\">\n\t\t\t\t\n\t\t\t\t\t\t\t\t\t\t\t\t\t\t\t\t\t\t\t\t\t\t\t\t\t\t\t\t\t\t\t\t\t\n\t\t\t\t\t\t\t\t\t<span >\n\t\t\t\t\t\tVER M\u00c1S\t\t\t\t\t<\/span>\n\t\t\t\t\t\t\t<\/div>\n\n\t\t\t\n\t\t\t\n\t\t\t\n\t\t<\/a>\n\n\n\t\t\t\t\t\t<\/div>\n\t\t\t\t<\/div>\n\t\t<div class=\"elementor-element elementor-element-f383d41 e-con-full my-product-card e-flex e-con e-child\" data-id=\"f383d41\" data-element_type=\"container\" data-settings=\"{&quot;background_background&quot;:&quot;classic&quot;}\">\n\t\t\t\t<div class=\"elementor-element elementor-element-0430cd4 clamp-image-box elementor-position-top elementor-widget elementor-widget-image-box\" data-id=\"0430cd4\" data-element_type=\"widget\" data-widget_type=\"image-box.default\">\n\t\t\t\t\t<div class=\"elementor-image-box-wrapper\"><figure class=\"elementor-image-box-img\"><img decoding=\"async\" width=\"1600\" height=\"1600\" src=\"https:\/\/libo-machine.com\/wp-content\/uploads\/2025\/11\/3-1-1.webp\" class=\"attachment-full size-full wp-image-1024\" alt=\"\" srcset=\"https:\/\/libo-machine.com\/wp-content\/uploads\/2025\/11\/3-1-1.webp 1600w, https:\/\/libo-machine.com\/wp-content\/uploads\/2025\/11\/3-1-1-300x300.webp 300w, https:\/\/libo-machine.com\/wp-content\/uploads\/2025\/11\/3-1-1-1024x1024.webp 1024w, https:\/\/libo-machine.com\/wp-content\/uploads\/2025\/11\/3-1-1-150x150.webp 150w, https:\/\/libo-machine.com\/wp-content\/uploads\/2025\/11\/3-1-1-768x768.webp 768w, https:\/\/libo-machine.com\/wp-content\/uploads\/2025\/11\/3-1-1-1536x1536.webp 1536w\" sizes=\"(max-width: 1600px) 100vw, 1600px\" \/><\/figure><div class=\"elementor-image-box-content\"><h3 class=\"elementor-image-box-title\">M\u00e1quina de paneles de yeso Libo<\/h3><p class=\"elementor-image-box-description\">Se trata de una l\u00ednea de producci\u00f3n altamente eficiente y automatizada para paneles de yeso para paredes. El sistema cuenta con una m\u00e1quina de extracci\u00f3n de n\u00facleos rotativa el\u00e9ctrica y carros de moldes, lo que permite la producci\u00f3n simult\u00e1nea de dos paneles. Admite el funcionamiento continuo con varios moldes, lo que maximiza la producci\u00f3n y la eficacia operativa.<\/p><\/div><\/div>\t\t\t\t<\/div>\n\t\t\t\t<div class=\"elementor-element elementor-element-917af5e hover-btn premium-lq__none elementor-widget elementor-widget-premium-addon-button\" data-id=\"917af5e\" data-element_type=\"widget\" data-widget_type=\"premium-addon-button.default\">\n\t\t\t\t\t\n\n\t\t<a class=\"premium-button premium-button-style7 premium-btn-lg premium-button-style7-bottom\" href=\"https:\/\/libo-machine.com\/es\/gypsum-wallboard-machine\/\">\n\t\t\t<div class=\"premium-button-text-icon-wrapper\">\n\t\t\t\t\n\t\t\t\t\t\t\t\t\t\t\t\t\t\t\t\t\t\t\t\t\t\t\t\t\t\t\t\t\t\t\t\t\t\n\t\t\t\t\t\t\t\t\t<span >\n\t\t\t\t\t\tVER M\u00c1S\t\t\t\t\t<\/span>\n\t\t\t\t\t\t\t<\/div>\n\n\t\t\t\n\t\t\t\n\t\t\t\n\t\t<\/a>\n\n\n\t\t\t\t\t\t<\/div>\n\t\t\t\t<\/div>\n\t\t<div class=\"elementor-element elementor-element-60543a3 e-con-full my-product-card e-flex e-con e-child\" data-id=\"60543a3\" data-element_type=\"container\" data-settings=\"{&quot;background_background&quot;:&quot;classic&quot;}\">\n\t\t\t\t<div class=\"elementor-element elementor-element-96fb7b7 clamp-image-box elementor-position-top elementor-widget elementor-widget-image-box\" data-id=\"96fb7b7\" data-element_type=\"widget\" data-widget_type=\"image-box.default\">\n\t\t\t\t\t<div class=\"elementor-image-box-wrapper\"><figure class=\"elementor-image-box-img\"><img decoding=\"async\" width=\"1440\" height=\"1440\" src=\"https:\/\/libo-machine.com\/wp-content\/uploads\/2025\/11\/2-5.webp\" class=\"attachment-full size-full wp-image-1022\" alt=\"\" srcset=\"https:\/\/libo-machine.com\/wp-content\/uploads\/2025\/11\/2-5.webp 1440w, https:\/\/libo-machine.com\/wp-content\/uploads\/2025\/11\/2-5-300x300.webp 300w, https:\/\/libo-machine.com\/wp-content\/uploads\/2025\/11\/2-5-1024x1024.webp 1024w, https:\/\/libo-machine.com\/wp-content\/uploads\/2025\/11\/2-5-150x150.webp 150w, https:\/\/libo-machine.com\/wp-content\/uploads\/2025\/11\/2-5-768x768.webp 768w\" sizes=\"(max-width: 1440px) 100vw, 1440px\" \/><\/figure><div class=\"elementor-image-box-content\"><h3 class=\"elementor-image-box-title\">M\u00e1quina para paneles compuestos de pared<\/h3><p class=\"elementor-image-box-description\">La m\u00e1quina de paneles compuestos de pared Libo es un sistema altamente automatizado e inteligente para la producci\u00f3n de materiales compuestos de construcci\u00f3n ecol\u00f3gicos y de alto rendimiento.<\/p><\/div><\/div>\t\t\t\t<\/div>\n\t\t\t\t<div class=\"elementor-element elementor-element-ab72da3 hover-btn premium-lq__none elementor-widget elementor-widget-premium-addon-button\" data-id=\"ab72da3\" data-element_type=\"widget\" data-widget_type=\"premium-addon-button.default\">\n\t\t\t\t\t\n\n\t\t<a class=\"premium-button premium-button-style7 premium-btn-lg premium-button-style7-bottom\" href=\"https:\/\/libo-machine.com\/es\/composite-wall-panel-machine\/\">\n\t\t\t<div class=\"premium-button-text-icon-wrapper\">\n\t\t\t\t\n\t\t\t\t\t\t\t\t\t\t\t\t\t\t\t\t\t\t\t\t\t\t\t\t\t\t\t\t\t\t\t\t\t\n\t\t\t\t\t\t\t\t\t<span >\n\t\t\t\t\t\tVER M\u00c1S\t\t\t\t\t<\/span>\n\t\t\t\t\t\t\t<\/div>\n\n\t\t\t\n\t\t\t\n\t\t\t\n\t\t<\/a>\n\n\n\t\t\t\t\t\t<\/div>\n\t\t\t\t<\/div>\n\t\t<div class=\"elementor-element elementor-element-95793bc e-con-full my-product-card e-flex e-con e-child\" data-id=\"95793bc\" data-element_type=\"container\" data-settings=\"{&quot;background_background&quot;:&quot;classic&quot;}\">\n\t\t\t\t<div class=\"elementor-element elementor-element-0e7e214 clamp-image-box elementor-position-top elementor-widget elementor-widget-image-box\" data-id=\"0e7e214\" data-element_type=\"widget\" data-widget_type=\"image-box.default\">\n\t\t\t\t\t<div class=\"elementor-image-box-wrapper\"><figure class=\"elementor-image-box-img\"><img loading=\"lazy\" decoding=\"async\" width=\"1500\" height=\"1500\" src=\"https:\/\/libo-machine.com\/wp-content\/uploads\/2025\/11\/2-6.webp\" class=\"attachment-full size-full wp-image-1023\" alt=\"\" srcset=\"https:\/\/libo-machine.com\/wp-content\/uploads\/2025\/11\/2-6.webp 1500w, https:\/\/libo-machine.com\/wp-content\/uploads\/2025\/11\/2-6-300x300.webp 300w, https:\/\/libo-machine.com\/wp-content\/uploads\/2025\/11\/2-6-1024x1024.webp 1024w, https:\/\/libo-machine.com\/wp-content\/uploads\/2025\/11\/2-6-150x150.webp 150w, https:\/\/libo-machine.com\/wp-content\/uploads\/2025\/11\/2-6-768x768.webp 768w\" sizes=\"(max-width: 1500px) 100vw, 1500px\" \/><\/figure><div class=\"elementor-image-box-content\"><h3 class=\"elementor-image-box-title\">M\u00e1quina para fabricar paneles murales ligeros<\/h3><p class=\"elementor-image-box-description\">El equipo de paneles de tabiques ligeros de Libo Machine ofrece una soluci\u00f3n altamente eficiente y vers\u00e1til para producir paneles de pared superiores (a base de cemento, compuestos y yeso).<\/p><\/div><\/div>\t\t\t\t<\/div>\n\t\t\t\t<div class=\"elementor-element elementor-element-8223fde hover-btn premium-lq__none elementor-widget elementor-widget-premium-addon-button\" data-id=\"8223fde\" data-element_type=\"widget\" data-widget_type=\"premium-addon-button.default\">\n\t\t\t\t\t\n\n\t\t<a class=\"premium-button premium-button-style7 premium-btn-lg premium-button-style7-bottom\" href=\"https:\/\/libo-machine.com\/es\/lightweight-wall-panel-machine\/\">\n\t\t\t<div class=\"premium-button-text-icon-wrapper\">\n\t\t\t\t\n\t\t\t\t\t\t\t\t\t\t\t\t\t\t\t\t\t\t\t\t\t\t\t\t\t\t\t\t\t\t\t\t\t\n\t\t\t\t\t\t\t\t\t<span >\n\t\t\t\t\t\tVER M\u00c1S\t\t\t\t\t<\/span>\n\t\t\t\t\t\t\t<\/div>\n\n\t\t\t\n\t\t\t\n\t\t\t\n\t\t<\/a>\n\n\n\t\t\t\t\t\t<\/div>\n\t\t\t\t<\/div>\n\t\t\t\t<\/div>\n\t\t\t\t<\/div>\n\t\t\t\t<\/div>\n\t\t\t\t<\/div>","protected":false},"excerpt":{"rendered":"<p>PRODUCT Cement Fence Panel Machine The libo Machine Prefabricated Fence Equipment ofers a highly automated,eficient solution for producing quality cement wallcomponents,including wall panels, posts, and caps. VIEW MORE Libo Gypsum Wallboard Machine This is a highly efficient and automated production line for\u00a0gypsum wall panels. The system features an electric rotary core-pulling machine and mold carts, [&hellip;]<\/p>","protected":false},"author":1,"featured_media":0,"parent":0,"menu_order":0,"comment_status":"closed","ping_status":"closed","template":"","meta":{"_acf_changed":false,"footnotes":""},"class_list":["post-27","page","type-page","status-publish","hentry"],"acf":[],"_hostinger_reach_plugin_has_subscription_block":false,"_hostinger_reach_plugin_is_elementor":false,"_links":{"self":[{"href":"https:\/\/libo-machine.com\/es\/wp-json\/wp\/v2\/pages\/27","targetHints":{"allow":["GET"]}}],"collection":[{"href":"https:\/\/libo-machine.com\/es\/wp-json\/wp\/v2\/pages"}],"about":[{"href":"https:\/\/libo-machine.com\/es\/wp-json\/wp\/v2\/types\/page"}],"author":[{"embeddable":true,"href":"https:\/\/libo-machine.com\/es\/wp-json\/wp\/v2\/users\/1"}],"replies":[{"embeddable":true,"href":"https:\/\/libo-machine.com\/es\/wp-json\/wp\/v2\/comments?post=27"}],"version-history":[{"count":0,"href":"https:\/\/libo-machine.com\/es\/wp-json\/wp\/v2\/pages\/27\/revisions"}],"wp:attachment":[{"href":"https:\/\/libo-machine.com\/es\/wp-json\/wp\/v2\/media?parent=27"}],"curies":[{"name":"wp","href":"https:\/\/api.w.org\/{rel}","templated":true}]}}